{"id":456,"date":"2017-03-28T10:50:33","date_gmt":"2017-03-28T09:50:33","guid":{"rendered":"https:\/\/studsviktechpark.stage.tankbar.cloud\/?page_id=456&#038;lang=en"},"modified":"2023-09-08T15:08:46","modified_gmt":"2023-09-08T14:08:46","slug":"the-area","status":"publish","type":"page","link":"https:\/\/studsviktechpark.stage.tankbar.cloud\/en\/the-area\/","title":{"rendered":"The Area"},"content":{"rendered":"<div class=\"wpb-content-wrapper\"><p>[vc_row section_width=&#8221;section-full&#8221; section_bg_color=&#8221;&#8221; section_text_color=&#8221;#1c1c1c&#8221; section_bg_image=&#8221;https:\/\/studsviktechpark.stage.tankbar.cloud\/wp-content\/uploads\/2020\/02\/studsvik-6-1024&#215;544.jpg&#8221; section_bg_repeat=&#8221;section-bg-repeat-no-repeat&#8221; section_bg_size=&#8221;section-bg-size-cover&#8221; section_class=&#8221;hero&#8221; section_padding_top=&#8221;0&#8243; section_padding_bottom=&#8221;0&#8243; section_margin_top=&#8221;0&#8243; section_margin_bottom=&#8221;0&#8243; section_border_top=&#8221;0&#8243; section_border_bottom=&#8221;0&#8243;][vc_column][vc_empty_space height=&#8221;170px&#8221;][vc_column_text]<\/p>\n<h1 style=\"text-align: center;\">The Most Secure in the Country<\/h1>\n<p>[\/vc_column_text][vc_empty_space height=&#8221;150px&#8221;][\/vc_column][\/vc_row][vc_row][vc_column width=&#8221;1\/2&#8243;][vc_row_inner][vc_column_inner offset=&#8221;vc_hidden-sm vc_hidden-xs&#8221;][vc_empty_space height=&#8221;30px&#8221;][\/vc_column_inner][\/vc_row_inner][vc_empty_space height=&#8221;30px&#8221;][vc_column_text]<\/p>\n<h4>Seen from above, Studsvik Tech Park looks like an archipelago paradise. But it\u2019s also one of the most secure locations in the Nordic region.<\/h4>\n<p>The area is guarded 24\/7, year-round. All activities in the area are fully protected. This level of security also extends to any traffic or goods arriving via the deep-water port.<\/p>\n<p>The deep-water harbor can receive ships with a draft of up to six meters. The capacity of the harbor makes it possible to receive transports with the highest security specifications.<\/p>\n<h3>Transports: Location, Location, Location<\/h3>\n<ul>\n<li>E4 South, an hour by car from Stockholm<\/li>\n<li>30 minutes by car from Nyk\u00f6ping and Oxel\u00f6sund<\/li>\n<li>30 minutes by car from Stockholm Skavsta Airport, one of Sweden\u2019s largest airports, with frequent departures to several European cities.<\/li>\n<li>\u00a01.5 hours from Arlanda International Airport, Sweden\u2019s largest airport.<\/li>\n<li>Bus service between Nyk\u00f6ping and Vagnh\u00e4rad<\/li>\n<li>High speed rail service, the East Link Project, is Sweden\u2019s largest current transportation development project. The first section is slated to open between S\u00f6dert\u00e4lje and Link\u00f6ping in 2028. Travel time Stockholm-Nyk\u00f6ping will be reduced to 40 minutes.<\/li>\n<li>Ice-free deep-water harbor able to receive ships with a draft of up to six meters.<\/li>\n<\/ul>\n<p>[\/vc_column_text][vc_empty_space height=&#8221;30px&#8221;][tb_button button_text=&#8221;Establish yourself here&#8221; button_url=&#8221;url:%23gform_2|title:Kontakt||&#8221; button_size=&#8221;btn-small&#8221; button_style=&#8221;btn-round&#8221;][vc_empty_space height=&#8221;60px&#8221;][\/vc_column][vc_column width=&#8221;1\/2&#8243; css=&#8221;.vc_custom_1582184487769{padding-right: 0px !important;padding-bottom: 100% !important;padding-left: 0px !important;background-image: url(https:\/\/studsviktechpark.stage.tankbar.cloud\/wp-content\/uploads\/2016\/10\/170109-077-web.jpg?id=506) !important;}&#8221;][\/vc_column][\/vc_row][vc_row section_text_color=&#8221;#1c1c1c&#8221; section_class=&#8221;grey&#8221; section_padding_top=&#8221;0&#8243; section_padding_bottom=&#8221;0&#8243; section_margin_top=&#8221;0&#8243; section_margin_bottom=&#8221;0&#8243; section_border_top=&#8221;0&#8243; section_border_bottom=&#8221;0&#8243;][vc_column width=&#8221;1\/2&#8243; css=&#8221;.vc_custom_1582028218653{padding-right: 50px !important;}&#8221;][vc_empty_space height=&#8221;60px&#8221;][vc_column_text]<\/p>\n<h2>Nyk\u00f6ping Region<\/h2>\n<h4>Studsvik Tech Park is located in the Nyk\u00f6ping area, but it\u2019s still considered part of the larger Stockholm area. Nyk\u00f6ping municipality has a steady population growth and dynamic economic growth.<\/h4>\n<p>Within an area of 100km\u2019s circumference, there are 2 million people. Here, homes have the largest square meter area per person in the country. The beautiful landscape, with easy commuter access to Stockholm, attracts both people and businesses. Currently, the Nyk\u00f6ping area as attracted about 4000 small, medium-sized, and very large companies.<\/p>\n<p>Quick highways, rail connections, ice-free harbors and an international airport close by make this an attractive region for a number of different industries.<\/p>\n<p>Today, resources are focused on a number of company clusters, of which Studsvik Tech Park is one. Another is SSAB, which today is the largest employer in the region, with around 2 500 employees.<\/p>\n<p>The strategic focus of the Nyk\u00f6ping region is to provide quality service to companies wishing to expand or change their operations. Obviously, this also applies to new companies that want to establish themselves in the region.[\/vc_column_text][vc_empty_space height=&#8221;60px&#8221;][\/vc_column][vc_column width=&#8221;1\/2&#8243; css=&#8221;.vc_custom_1582183782263{padding-left: 31px !important;}&#8221;][vc_row_inner][vc_column_inner offset=&#8221;vc_hidden-sm vc_hidden-xs&#8221;][vc_empty_space height=&#8221;60px&#8221;][\/vc_column_inner][\/vc_row_inner][vc_row_inner][vc_column_inner][tb_image src=&#8221;https:\/\/studsviktechpark.stage.tankbar.cloud\/wp-content\/uploads\/2016\/10\/stendorren-naturreservat-hangbro.jpg&#8221;][\/vc_column_inner][\/vc_row_inner][\/vc_column][\/vc_row][vc_row][vc_column width=&#8221;1\/2&#8243;][vc_empty_space height=&#8221;60px&#8221;][vc_row_inner][vc_column_inner][tb_image src=&#8221;https:\/\/studsviktechpark.stage.tankbar.cloud\/wp-content\/uploads\/2016\/10\/170111-092-web.jpg&#8221;][\/vc_column_inner][\/vc_row_inner][vc_row_inner][vc_column_inner offset=&#8221;vc_hidden-sm vc_hidden-xs&#8221;][vc_empty_space height=&#8221;60px&#8221;][\/vc_column_inner][\/vc_row_inner][\/vc_column][vc_column width=&#8221;1\/2&#8243;][vc_row_inner][vc_column_inner offset=&#8221;vc_hidden-sm vc_hidden-xs&#8221;][vc_empty_space height=&#8221;60px&#8221;][\/vc_column_inner][\/vc_row_inner][vc_column_text]<\/p>\n<h2>Hotels and Restaurants<\/h2>\n<h4>At a walking distance from Studsvik Tech Park is Horsvik, built in the late fifties to offer accommodation for visiting scientists and visitors to the research facility at Studsvik.<\/h4>\n<p>Today, Horsvik is an excellent option for conferences. The hotel has been being renovated and supplemented with conference rooms and modern equipment.<\/p>\n<p>Guests can choose self-catering or take their meals in the hotel\u2019s spacious restaurant.<\/p>\n<p>Horsvik\u2019s staff provide full service for everything from conferences, parties and events, to meetings large and small.[\/vc_column_text][vc_empty_space height=&#8221;30px&#8221;][vc_row_inner el_class=&#8221;grey&#8221;][vc_column_inner el_class=&#8221;blue-links&#8221; css=&#8221;.vc_custom_1582028876735{padding-right: 30px !important;padding-left: 30px !important;}&#8221;][vc_empty_space height=&#8221;23px&#8221;][vc_column_text]<strong>Geographic location<\/strong>: Close to Nyk\u00f6ping, on the Baltic coast. Next to the nature reserve Stend\u00f6rren.<\/p>\n<p><strong>Buildings<\/strong>: Existing buildings are ready for tenants.<\/p>\n<p><strong>Building permits<\/strong>: Possibilities for new buildings exist.<\/p>\n<p><strong>Infrastructure<\/strong>: Well-developed and complete.<\/p>\n<p><strong>Facilities<\/strong>: Hotel and restaurant. The area is prepared for 2000 employees.<\/p>\n<p><strong>Water<\/strong>: Water refinery and deionized water. Sewage treatment plant, designed to handle laboratory materials.<\/p>\n<p><strong>Heating<\/strong>: District heating.<\/p>\n<p><strong>Electricity supply<\/strong>: Incoming high voltage to 33 substations.<\/p>\n<p><strong>Backup power<\/strong>: Diesel generators that cover the entire area<\/p>\n<p><strong>Broadband<\/strong>: Fibre.<\/p>\n<p><strong>Area<\/strong>: 2 km<sup>2<\/sup> (the secured area is 80Ha)<\/p>\n<p><strong>Deep harbor<\/strong>: Down to six meters.<\/p>\n<p><strong>Security<\/strong>: Security department &#8211; 7\/24 against sabotage, terrorism and espionage.<\/p>\n<p><strong>Rent<\/strong>: For currently available spaces, zero kronor for the first year, exclusive of electricity, water and heating costs.[\/vc_column_text][vc_empty_space height=&#8221;30px&#8221;][\/vc_column_inner][\/vc_row_inner][vc_empty_space height=&#8221;60px&#8221;][\/vc_column][\/vc_row]<\/p>\n<\/div>","protected":false},"excerpt":{"rendered":"<p>[vc_row section_width=&#8221;section-full&#8221; section_bg_color=&#8221;&#8221; section_text_color=&#8221;#1c1c1c&#8221; section_bg_image=&#8221;https:\/\/studsviktechpark.stage.tankbar.cloud\/wp-content\/uploads\/2020\/02\/studsvik-6-1024&#215;544.jpg&#8221; section_bg_repeat=&#8221;section-bg-repeat-no-repeat&#8221; section_bg_size=&#8221;section-bg-size-cover&#8221; section_class=&#8221;hero&#8221; section_padding_top=&#8221;0&#8243; section_padding_bottom=&#8221;0&#8243; section_margin_top=&#8221;0&#8243; section_margin_bottom=&#8221;0&#8243; section_border_top=&#8221;0&#8243; section_border_bottom=&#8221;0&#8243;][vc_column][vc_empty_space height=&#8221;170px&#8221;][vc_column_text] The Most Secure in the Country [\/vc_column_text][vc_empty_space height=&#8221;150px&#8221;][\/vc_column][\/vc_row][vc_row][vc_column width=&#8221;1\/2&#8243;][vc_row_inner][vc_column_inner offset=&#8221;vc_hidden-sm vc_hidden-xs&#8221;][vc_empty_space height=&#8221;30px&#8221;][\/vc_column_inner][\/vc_row_inner][vc_empty_space height=&#8221;30px&#8221;][vc_column_text] Seen from above, Studsvik Tech Park looks like an archipelago paradise. But it\u2019s also one of the most secure locations in the Nordic region. The area is [&hellip;]<\/p>\n","protected":false},"author":1,"featured_media":0,"parent":0,"menu_order":0,"comment_status":"closed","ping_status":"closed","template":"","meta":{"_acf_changed":false,"footnotes":""},"class_list":["post-456","page","type-page","status-publish","hentry"],"acf":[],"yoast_head":"<!-- This site is optimized with the Yoast SEO plugin v27.1.1 - https:\/\/yoast.com\/product\/yoast-seo-wordpress\/ -->\n<title>The Area - Studsvik Tech Park<\/title>\n<meta name=\"robots\" content=\"noindex, follow, max-snippet:-1, max-image-preview:large, max-video-preview:-1\" \/>\n<meta property=\"og:locale\" content=\"en_US\" \/>\n<meta property=\"og:type\" content=\"article\" \/>\n<meta property=\"og:title\" content=\"The Area - Studsvik Tech Park\" \/>\n<meta property=\"og:description\" content=\"[vc_row section_width=&#8221;section-full&#8221; section_bg_color=&#8221;&#8221; section_text_color=&#8221;#1c1c1c&#8221; section_bg_image=&#8221;https:\/\/studsviktechpark.stage.tankbar.cloud\/wp-content\/uploads\/2020\/02\/studsvik-6-1024&#215;544.jpg&#8221; section_bg_repeat=&#8221;section-bg-repeat-no-repeat&#8221; section_bg_size=&#8221;section-bg-size-cover&#8221; section_class=&#8221;hero&#8221; section_padding_top=&#8221;0&#8243; section_padding_bottom=&#8221;0&#8243; section_margin_top=&#8221;0&#8243; section_margin_bottom=&#8221;0&#8243; section_border_top=&#8221;0&#8243; section_border_bottom=&#8221;0&#8243;][vc_column][vc_empty_space height=&#8221;170px&#8221;][vc_column_text] The Most Secure in the Country [\/vc_column_text][vc_empty_space height=&#8221;150px&#8221;][\/vc_column][\/vc_row][vc_row][vc_column width=&#8221;1\/2&#8243;][vc_row_inner][vc_column_inner offset=&#8221;vc_hidden-sm vc_hidden-xs&#8221;][vc_empty_space height=&#8221;30px&#8221;][\/vc_column_inner][\/vc_row_inner][vc_empty_space height=&#8221;30px&#8221;][vc_column_text] Seen from above, Studsvik Tech Park looks like an archipelago paradise. But it\u2019s also one of the most secure locations in the Nordic region. The area is [&hellip;]\" \/>\n<meta property=\"og:url\" content=\"https:\/\/www.studsviktechpark.com\/en\/the-area\/\" \/>\n<meta property=\"og:site_name\" content=\"Studsvik Tech Park\" \/>\n<meta property=\"article:modified_time\" content=\"2023-09-08T14:08:46+00:00\" \/>\n<meta name=\"twitter:card\" content=\"summary_large_image\" \/>\n<meta name=\"twitter:label1\" content=\"Est. reading time\" \/>\n\t<meta name=\"twitter:data1\" content=\"4 minutes\" \/>\n<script type=\"application\/ld+json\" class=\"yoast-schema-graph\">{\"@context\":\"https:\/\/schema.org\",\"@graph\":[{\"@type\":\"WebPage\",\"@id\":\"https:\/\/www.studsviktechpark.com\/en\/the-area\/\",\"url\":\"https:\/\/www.studsviktechpark.com\/en\/the-area\/\",\"name\":\"The Area - Studsvik Tech Park\",\"isPartOf\":{\"@id\":\"https:\/\/www.studsviktechpark.com\/#website\"},\"datePublished\":\"2017-03-28T09:50:33+00:00\",\"dateModified\":\"2023-09-08T14:08:46+00:00\",\"breadcrumb\":{\"@id\":\"https:\/\/www.studsviktechpark.com\/en\/the-area\/#breadcrumb\"},\"inLanguage\":\"en-US\",\"potentialAction\":[{\"@type\":\"ReadAction\",\"target\":[\"https:\/\/www.studsviktechpark.com\/en\/the-area\/\"]}]},{\"@type\":\"BreadcrumbList\",\"@id\":\"https:\/\/www.studsviktechpark.com\/en\/the-area\/#breadcrumb\",\"itemListElement\":[{\"@type\":\"ListItem\",\"position\":1,\"name\":\"Hem\",\"item\":\"https:\/\/www.studsviktechpark.com\/en\/\"},{\"@type\":\"ListItem\",\"position\":2,\"name\":\"The Area\"}]},{\"@type\":\"WebSite\",\"@id\":\"https:\/\/www.studsviktechpark.com\/#website\",\"url\":\"https:\/\/www.studsviktechpark.com\/\",\"name\":\"Studsvik Tech Park\",\"description\":\"\",\"potentialAction\":[{\"@type\":\"SearchAction\",\"target\":{\"@type\":\"EntryPoint\",\"urlTemplate\":\"https:\/\/www.studsviktechpark.com\/?s={search_term_string}\"},\"query-input\":{\"@type\":\"PropertyValueSpecification\",\"valueRequired\":true,\"valueName\":\"search_term_string\"}}],\"inLanguage\":\"en-US\"}]}<\/script>\n<!-- \/ Yoast SEO plugin. -->","yoast_head_json":{"title":"The Area - Studsvik Tech Park","robots":{"index":"noindex","follow":"follow","max-snippet":"max-snippet:-1","max-image-preview":"max-image-preview:large","max-video-preview":"max-video-preview:-1"},"og_locale":"en_US","og_type":"article","og_title":"The Area - Studsvik Tech Park","og_description":"[vc_row section_width=&#8221;section-full&#8221; section_bg_color=&#8221;&#8221; section_text_color=&#8221;#1c1c1c&#8221; section_bg_image=&#8221;https:\/\/studsviktechpark.stage.tankbar.cloud\/wp-content\/uploads\/2020\/02\/studsvik-6-1024&#215;544.jpg&#8221; section_bg_repeat=&#8221;section-bg-repeat-no-repeat&#8221; section_bg_size=&#8221;section-bg-size-cover&#8221; section_class=&#8221;hero&#8221; section_padding_top=&#8221;0&#8243; section_padding_bottom=&#8221;0&#8243; section_margin_top=&#8221;0&#8243; section_margin_bottom=&#8221;0&#8243; section_border_top=&#8221;0&#8243; section_border_bottom=&#8221;0&#8243;][vc_column][vc_empty_space height=&#8221;170px&#8221;][vc_column_text] The Most Secure in the Country [\/vc_column_text][vc_empty_space height=&#8221;150px&#8221;][\/vc_column][\/vc_row][vc_row][vc_column width=&#8221;1\/2&#8243;][vc_row_inner][vc_column_inner offset=&#8221;vc_hidden-sm vc_hidden-xs&#8221;][vc_empty_space height=&#8221;30px&#8221;][\/vc_column_inner][\/vc_row_inner][vc_empty_space height=&#8221;30px&#8221;][vc_column_text] Seen from above, Studsvik Tech Park looks like an archipelago paradise. But it\u2019s also one of the most secure locations in the Nordic region. The area is [&hellip;]","og_url":"https:\/\/www.studsviktechpark.com\/en\/the-area\/","og_site_name":"Studsvik Tech Park","article_modified_time":"2023-09-08T14:08:46+00:00","twitter_card":"summary_large_image","twitter_misc":{"Est. reading time":"4 minutes"},"schema":{"@context":"https:\/\/schema.org","@graph":[{"@type":"WebPage","@id":"https:\/\/www.studsviktechpark.com\/en\/the-area\/","url":"https:\/\/www.studsviktechpark.com\/en\/the-area\/","name":"The Area - Studsvik Tech Park","isPartOf":{"@id":"https:\/\/www.studsviktechpark.com\/#website"},"datePublished":"2017-03-28T09:50:33+00:00","dateModified":"2023-09-08T14:08:46+00:00","breadcrumb":{"@id":"https:\/\/www.studsviktechpark.com\/en\/the-area\/#breadcrumb"},"inLanguage":"en-US","potentialAction":[{"@type":"ReadAction","target":["https:\/\/www.studsviktechpark.com\/en\/the-area\/"]}]},{"@type":"BreadcrumbList","@id":"https:\/\/www.studsviktechpark.com\/en\/the-area\/#breadcrumb","itemListElement":[{"@type":"ListItem","position":1,"name":"Hem","item":"https:\/\/www.studsviktechpark.com\/en\/"},{"@type":"ListItem","position":2,"name":"The Area"}]},{"@type":"WebSite","@id":"https:\/\/www.studsviktechpark.com\/#website","url":"https:\/\/www.studsviktechpark.com\/","name":"Studsvik Tech Park","description":"","potentialAction":[{"@type":"SearchAction","target":{"@type":"EntryPoint","urlTemplate":"https:\/\/www.studsviktechpark.com\/?s={search_term_string}"},"query-input":{"@type":"PropertyValueSpecification","valueRequired":true,"valueName":"search_term_string"}}],"inLanguage":"en-US"}]}},"_links":{"self":[{"href":"https:\/\/studsviktechpark.stage.tankbar.cloud\/en\/wp-json\/wp\/v2\/pages\/456","targetHints":{"allow":["GET"]}}],"collection":[{"href":"https:\/\/studsviktechpark.stage.tankbar.cloud\/en\/wp-json\/wp\/v2\/pages"}],"about":[{"href":"https:\/\/studsviktechpark.stage.tankbar.cloud\/en\/wp-json\/wp\/v2\/types\/page"}],"author":[{"embeddable":true,"href":"https:\/\/studsviktechpark.stage.tankbar.cloud\/en\/wp-json\/wp\/v2\/users\/1"}],"replies":[{"embeddable":true,"href":"https:\/\/studsviktechpark.stage.tankbar.cloud\/en\/wp-json\/wp\/v2\/comments?post=456"}],"version-history":[{"count":11,"href":"https:\/\/studsviktechpark.stage.tankbar.cloud\/en\/wp-json\/wp\/v2\/pages\/456\/revisions"}],"predecessor-version":[{"id":1360,"href":"https:\/\/studsviktechpark.stage.tankbar.cloud\/en\/wp-json\/wp\/v2\/pages\/456\/revisions\/1360"}],"wp:attachment":[{"href":"https:\/\/studsviktechpark.stage.tankbar.cloud\/en\/wp-json\/wp\/v2\/media?parent=456"}],"curies":[{"name":"wp","href":"https:\/\/api.w.org\/{rel}","templated":true}]}}